{"id":1529,"date":"2020-11-28T09:05:38","date_gmt":"2020-11-28T08:05:38","guid":{"rendered":"https:\/\/wordpress-486734-1610623.cloudwaysapps.com\/?page_id=1529"},"modified":"2023-08-08T12:45:35","modified_gmt":"2023-08-08T10:45:35","slug":"ueber-mich","status":"publish","type":"page","link":"https:\/\/www.hoeltzel.net\/en\/ueber-mich\/","title":{"rendered":"About me"},"content":{"rendered":"<style>.kb-row-layout-id1529_799fc9-e9 > .kt-row-column-wrap{align-content:start;}:where(.kb-row-layout-id1529_799fc9-e9 > .kt-row-column-wrap) > .wp-block-kadence-column{justify-content:start;}.kb-row-layout-id1529_799fc9-e9 > .kt-row-column-wrap{column-gap:var(--global-kb-gap-md, 2rem);row-gap:var(--global-kb-gap-md, 2rem);max-width:var( --global-content-width, 1290px );padding-left:var(--global-content-edge-padding);padding-right:var(--global-content-edge-padding);padding-top:95px;padding-right:10px;padding-bottom:30px;padding-left:10px;grid-template-columns:minmax(0, 1fr);}.kb-row-layout-id1529_799fc9-e9 > .kt-row-layout-overlay{opacity:0.30;}@media all and (max-width: 1024px){.kb-row-layout-id1529_799fc9-e9 > .kt-row-column-wrap{grid-template-columns:minmax(0, 1fr);}}@media all and (max-width: 767px){.kb-row-layout-id1529_799fc9-e9 > .kt-row-column-wrap{grid-template-columns:minmax(0, 1fr);}}<\/style><div class=\"kb-row-layout-wrap kb-row-layout-id1529_799fc9-e9 alignnone has-theme-palette8-background-color kt-row-has-bg wp-block-kadence-rowlayout\"><div class=\"kt-row-column-wrap kt-has-1-columns kt-row-layout-equal kt-tab-layout-inherit kt-mobile-layout-row kt-row-valign-top kb-theme-content-width\">\n<style>.kadence-column1529_970e28-d2 > .kt-inside-inner-col,.kadence-column1529_970e28-d2 > .kt-inside-inner-col:before{border-top-left-radius:0px;border-top-right-radius:0px;border-bottom-right-radius:0px;border-bottom-left-radius:0px;}.kadence-column1529_970e28-d2 > .kt-inside-inner-col{column-gap:var(--global-kb-gap-sm, 1rem);}.kadence-column1529_970e28-d2 > .kt-inside-inner-col{flex-direction:column;}.kadence-column1529_970e28-d2 > .kt-inside-inner-col > .aligncenter{width:100%;}.kadence-column1529_970e28-d2 > .kt-inside-inner-col:before{opacity:0.3;}.kadence-column1529_970e28-d2{position:relative;}.kadence-column1529_970e28-d2, .kt-inside-inner-col > .kadence-column1529_970e28-d2:not(.specificity){margin-top:0px;margin-right:0px;margin-bottom:0px;margin-left:0px;}@media all and (max-width: 1024px){.kadence-column1529_970e28-d2 > .kt-inside-inner-col{flex-direction:column;justify-content:center;}}@media all and (max-width: 767px){.kadence-column1529_970e28-d2 > .kt-inside-inner-col{flex-direction:column;justify-content:center;}}<\/style>\n<div class=\"wp-block-kadence-column kadence-column1529_970e28-d2 inner-column-1\"><div class=\"kt-inside-inner-col\"><style>.wp-block-kadence-advancedheading.kt-adv-heading1529_c41eef-f0, .wp-block-kadence-advancedheading.kt-adv-heading1529_c41eef-f0[data-kb-block=\"kb-adv-heading1529_c41eef-f0\"]{margin-bottom:40px;text-align:left;font-weight:normal;font-style:normal;}.wp-block-kadence-advancedheading.kt-adv-heading1529_c41eef-f0 mark.kt-highlight, .wp-block-kadence-advancedheading.kt-adv-heading1529_c41eef-f0[data-kb-block=\"kb-adv-heading1529_c41eef-f0\"] mark.kt-highlight{font-weight:normal;font-style:normal;color:#f76a0c;-webkit-box-decoration-break:clone;box-decoration-break:clone;padding-top:0px;padding-right:0px;padding-bottom:0px;padding-left:0px;}.wp-block-kadence-advancedheading.kt-adv-heading1529_c41eef-f0 img.kb-inline-image, .wp-block-kadence-advancedheading.kt-adv-heading1529_c41eef-f0[data-kb-block=\"kb-adv-heading1529_c41eef-f0\"] img.kb-inline-image{width:150px;vertical-align:baseline;}<\/style>\n<h1 class=\"kt-adv-heading1529_c41eef-f0 wp-block-kadence-advancedheading\" data-kb-block=\"kb-adv-heading1529_c41eef-f0\">\u00dcber mich<\/h1>\n\n\n<div class=\"wp-block-image\">\n<figure class=\"alignright size-medium is-resized\"><img loading=\"lazy\" decoding=\"async\" src=\"https:\/\/www.hoeltzel.net\/wp-content\/uploads\/2023\/07\/DSC_5893-257x300.jpg\" alt=\"\" class=\"wp-image-2382\" width=\"396\" height=\"462\" srcset=\"https:\/\/www.hoeltzel.net\/wp-content\/uploads\/2023\/07\/DSC_5893-257x300.jpg 257w, https:\/\/www.hoeltzel.net\/wp-content\/uploads\/2023\/07\/DSC_5893-768x895.jpg 768w, https:\/\/www.hoeltzel.net\/wp-content\/uploads\/2023\/07\/DSC_5893.jpg 858w\" sizes=\"auto, (max-width: 396px) 100vw, 396px\" \/><\/figure>\n<\/div>\n\n\n<p>Nach dem Studium der Verwaltungswissenschaften an der Universit\u00e4t Konstanz w\u00e4hlte ich 1995 den Einstieg in die \u201ePersonaler\u201c-Laufbahn in Hamburg, in den Bereichen Maschinenbau (Jungheinrich AG) und sp\u00e4ter Consumer Electronics (Philips).<\/p>\n\n\n\n<p>Die darauf folgende Funktion in Stuttgart im Pharmagro\u00dfhandel (Celesio AG) hatte die strategische Weiterentwicklung von HR-Prozessen in acht europ\u00e4ischen L\u00e4ndern zum Inhalt.<\/p>\n\n\n\n<p>In den folgenden acht Jahren als Bereichsleiter Personal in Ettlingen bei einem gro\u00dfen Call Center Dienstleister (walter services) lagen die Schwerpunkte neben den klassischen operativen Themen in der kollektiv- und tarifrechtlichen Ausgestaltung betrieblicher Regelungen sowie der intensiven Begleitung organisatorischer Ver\u00e4nderungen, sowohl durch Mergers &amp; Acquisitions als auch durch Restrukturierungen.<\/p>\n\n\n\n<p>Die Gestaltung und Betreuung der F\u00fchrungskr\u00e4fteentwicklung lag in allen Stationen im Bereich meiner Verantwortung und stellt eines der leidenschaftlichen Themen dar.<\/p>\n\n\n\n<p>Mit dem Einstieg in die Selbst\u00e4ndigkeit im Jahr 2013 habe ich die Themen Coaching (Professional Coach DBVC), EFQM Excellence Assessment (ILEP) und Projektmanagement vertieft. Neben Beratungsprojekten bin ich seit 2022 auch Gastdozent f\u00fcr Human Resources an der Karlshochschule in Karlsruhe.<\/p>\n\n\n\n<p>In meiner freien Zeit bin ich m\u00f6glichst viel in der Natur unterwegs (Joggen, Mountainbiken, Segeln), mache Musik (Tenor im A-Capella-Ensemble Double-Q) oder engagiere mich im Lions Club Karlsruhe-Schloss.<\/p>\n<\/div><\/div>\n\n<\/div><\/div>\n\n\n<div style=\"height:40px\" aria-hidden=\"true\" class=\"wp-block-spacer\"><\/div>\n\n\n\n<div class=\"wp-block-buttons is-content-justification-center is-layout-flex wp-container-core-buttons-is-layout-16018d1d wp-block-buttons-is-layout-flex\">\n<div class=\"wp-block-button\"><a class=\"wp-block-button__link wp-element-button\" href=\"https:\/\/www.hoeltzel.net\/kontakt\/\">Kontakt<\/a><\/div>\n<\/div>\n\n\n\n<div style=\"height:40px\" aria-hidden=\"true\" class=\"wp-block-spacer\"><\/div>\n","protected":false},"excerpt":{"rendered":"<p>\u00dcber mich Nach dem Studium der Verwaltungswissenschaften an der Universit\u00e4t Konstanz w\u00e4hlte ich 1995 den Einstieg in die \u201ePersonaler\u201c-Laufbahn in Hamburg, in den Bereichen Maschinenbau (Jungheinrich AG) und sp\u00e4ter Consumer Electronics (Philips). Die darauf folgende Funktion in Stuttgart im Pharmagro\u00dfhandel (Celesio AG) hatte die strategische Weiterentwicklung von HR-Prozessen in acht europ\u00e4ischen L\u00e4ndern zum Inhalt. In&#8230;<\/p>","protected":false},"author":1,"featured_media":0,"parent":0,"menu_order":0,"comment_status":"closed","ping_status":"closed","template":"","meta":{"_kad_post_transparent":"","_kad_post_title":"hide","_kad_post_layout":"fullwidth","_kad_post_sidebar_id":"","_kad_post_content_style":"unboxed","_kad_post_vertical_padding":"hide","_kad_post_feature":"hide","_kad_post_feature_position":"","_kad_post_header":false,"_kad_post_footer":false,"_kad_post_classname":"","footnotes":""},"class_list":["post-1529","page","type-page","status-publish","hentry"],"_links":{"self":[{"href":"https:\/\/www.hoeltzel.net\/en\/wp-json\/wp\/v2\/pages\/1529","targetHints":{"allow":["GET"]}}],"collection":[{"href":"https:\/\/www.hoeltzel.net\/en\/wp-json\/wp\/v2\/pages"}],"about":[{"href":"https:\/\/www.hoeltzel.net\/en\/wp-json\/wp\/v2\/types\/page"}],"author":[{"embeddable":true,"href":"https:\/\/www.hoeltzel.net\/en\/wp-json\/wp\/v2\/users\/1"}],"replies":[{"embeddable":true,"href":"https:\/\/www.hoeltzel.net\/en\/wp-json\/wp\/v2\/comments?post=1529"}],"version-history":[{"count":10,"href":"https:\/\/www.hoeltzel.net\/en\/wp-json\/wp\/v2\/pages\/1529\/revisions"}],"predecessor-version":[{"id":2549,"href":"https:\/\/www.hoeltzel.net\/en\/wp-json\/wp\/v2\/pages\/1529\/revisions\/2549"}],"wp:attachment":[{"href":"https:\/\/www.hoeltzel.net\/en\/wp-json\/wp\/v2\/media?parent=1529"}],"curies":[{"name":"wp","href":"https:\/\/api.w.org\/{rel}","templated":true}]}}