{"id":2180,"date":"2023-06-26T17:10:00","date_gmt":"2023-06-26T15:10:00","guid":{"rendered":"https:\/\/www.hoeltzel.net\/2023\/?page_id=2180"},"modified":"2023-08-08T10:19:28","modified_gmt":"2023-08-08T08:19:28","slug":"coaching","status":"publish","type":"page","link":"https:\/\/www.hoeltzel.net\/en\/coaching\/","title":{"rendered":"Coaching"},"content":{"rendered":"<style>.kb-row-layout-id2180_596a3c-9b > .kt-row-column-wrap{align-content:center;}:where(.kb-row-layout-id2180_596a3c-9b > .kt-row-column-wrap) > .wp-block-kadence-column{justify-content:center;}.kb-row-layout-id2180_596a3c-9b > .kt-row-column-wrap{column-gap:var(--global-kb-gap-md, 2rem);row-gap:var(--global-kb-gap-md, 2rem);max-width:1242px;margin-left:auto;margin-right:auto;padding-top:80px;padding-right:10px;padding-bottom:110px;padding-left:10px;grid-template-columns:repeat(2, minmax(0, 1fr));}.kb-row-layout-id2180_596a3c-9b > .kt-row-layout-overlay{opacity:0.30;}.kb-row-layout-id2180_596a3c-9b .kt-row-layout-bottom-sep{height:70px;}.kb-row-layout-id2180_596a3c-9b .kt-row-layout-bottom-sep svg{width:100%;}.kb-row-layout-id2180_596a3c-9b .kt-row-layout-bottom-sep svg{fill:var(--global-palette9, #ffffff)!important;}@media all and (max-width: 1024px){.kb-row-layout-id2180_596a3c-9b > .kt-row-column-wrap{grid-template-columns:repeat(2, minmax(0, 1fr));}}@media all and (max-width: 1024px){.kb-row-layout-id2180_596a3c-9b .kt-row-layout-bottom-sep{height:1px;}}@media all and (max-width: 1024px){.kb-row-layout-id2180_596a3c-9b .kt-row-layout-bottom-sep svg{width:400%;}}@media all and (max-width: 767px){.kb-row-layout-id2180_596a3c-9b > .kt-row-column-wrap{grid-template-columns:minmax(0, 1fr);}.kb-row-layout-id2180_596a3c-9b .kt-row-layout-bottom-sep{height:1px;}.kb-row-layout-id2180_596a3c-9b .kt-row-layout-bottom-sep svg{width:400%;}}<\/style><div class=\"kb-row-layout-wrap kb-row-layout-id2180_596a3c-9b alignnone has-theme-palette8-background-color kt-row-has-bg wp-block-kadence-rowlayout\"><div class=\"kt-row-layout-bottom-sep kt-row-sep-type-sltr\"><svg viewBox=\"0 0 1000 100\" preserveAspectRatio=\"none\"><path d=\"M0,0l1000,100l-1000,0l0,-100Z\" \/><\/svg><\/div><div class=\"kt-row-column-wrap kt-has-2-columns kt-row-layout-equal kt-tab-layout-inherit kt-mobile-layout-row kt-row-valign-middle\">\n<style>.kadence-column2180_80cb67-2d > .kt-inside-inner-col,.kadence-column2180_80cb67-2d > .kt-inside-inner-col:before{border-top-left-radius:0px;border-top-right-radius:0px;border-bottom-right-radius:0px;border-bottom-left-radius:0px;}.kadence-column2180_80cb67-2d > .kt-inside-inner-col{column-gap:var(--global-kb-gap-sm, 1rem);}.kadence-column2180_80cb67-2d > .kt-inside-inner-col{flex-direction:column;}.kadence-column2180_80cb67-2d > .kt-inside-inner-col > .aligncenter{width:100%;}.kadence-column2180_80cb67-2d > .kt-inside-inner-col:before{opacity:0.3;}.kadence-column2180_80cb67-2d{position:relative;}.kadence-column2180_80cb67-2d, .kt-inside-inner-col > .kadence-column2180_80cb67-2d:not(.specificity){margin-top:0px;margin-right:60px;margin-bottom:0px;margin-left:0px;}@media all and (max-width: 1024px){.kadence-column2180_80cb67-2d > .kt-inside-inner-col{flex-direction:column;justify-content:center;}}@media all and (max-width: 1024px){.kadence-column2180_80cb67-2d, .kt-inside-inner-col > .kadence-column2180_80cb67-2d:not(.specificity){margin-right:0px;}}@media all and (max-width: 767px){.kadence-column2180_80cb67-2d > .kt-inside-inner-col{flex-direction:column;justify-content:center;}.kadence-column2180_80cb67-2d, .kt-inside-inner-col > .kadence-column2180_80cb67-2d:not(.specificity){margin-right:0px;}}<\/style>\n<div class=\"wp-block-kadence-column kadence-column2180_80cb67-2d inner-column-1\"><div class=\"kt-inside-inner-col\"><style>.wp-block-kadence-advancedgallery .kb-gallery-type-grid.kb-gallery-id-2180_6f8055-e4{margin:-5px;}.kb-gallery-type-grid.kb-gallery-id-2180_6f8055-e4 .kadence-blocks-gallery-item{padding:5px;}.kb-gallery-id-2180_6f8055-e4 .kadence-blocks-gallery-item .kb-gal-image-radius, .kb-gallery-id-2180_6f8055-e4 .kb-slide-item .kb-gal-image-radius img{border-radius:6px 6px 6px 6px;;}<\/style><div class=\"kb-gallery-wrap-id-2180_6f8055-e4 alignnone wp-block-kadence-advancedgallery\"><ul class=\"kb-gallery-ul kb-gallery-non-static kb-gallery-type-grid kb-gallery-id-2180_6f8055-e4 kb-gallery-caption-style-bottom-hover kb-gallery-filter-none\" data-image-filter=\"none\" data-item-selector=\".kadence-blocks-gallery-item\" data-lightbox-caption=\"true\" data-columns-xxl=\"1\" data-columns-xl=\"1\" data-columns-md=\"1\" data-columns-sm=\"1\" data-columns-xs=\"1\" data-columns-ss=\"1\"><li class=\"kadence-blocks-gallery-item\" tabindex=\"0\"><div class=\"kadence-blocks-gallery-item-inner\"><figure class=\"kb-gallery-figure kadence-blocks-gallery-item-hide-caption\"><div class=\"kb-gal-image-radius\" style=\"max-width:1000px;\"><div class=\"kb-gallery-image-contain kadence-blocks-gallery-intrinsic kb-gallery-image-ratio-inherit kb-has-image-ratio-inherit\" style=\"padding-bottom:66%;\"><img loading=\"lazy\" decoding=\"async\" src=\"https:\/\/www.hoeltzel.net\/wp-content\/uploads\/2023\/07\/DSC_5854.jpg\" width=\"1000\" height=\"665\" alt=\"\" data-full-image=\"https:\/\/www.hoeltzel.net\/wp-content\/uploads\/2023\/07\/DSC_5854.jpg\" data-light-image=\"https:\/\/www.hoeltzel.net\/wp-content\/uploads\/2023\/07\/DSC_5854.jpg\" data-id=\"2421\" class=\"wp-image-2421\" srcset=\"https:\/\/www.hoeltzel.net\/wp-content\/uploads\/2023\/07\/DSC_5854.jpg 1000w, https:\/\/www.hoeltzel.net\/wp-content\/uploads\/2023\/07\/DSC_5854-300x200.jpg 300w, https:\/\/www.hoeltzel.net\/wp-content\/uploads\/2023\/07\/DSC_5854-768x511.jpg 768w\" sizes=\"auto, (max-width: 1000px) 100vw, 1000px\" \/><\/div><\/div><\/figure><\/div><\/li><\/ul><\/div><\/div><\/div>\n\n\n<style>.kadence-column2180_627642-41 > .kt-inside-inner-col,.kadence-column2180_627642-41 > .kt-inside-inner-col:before{border-top-left-radius:0px;border-top-right-radius:0px;border-bottom-right-radius:0px;border-bottom-left-radius:0px;}.kadence-column2180_627642-41 > .kt-inside-inner-col{column-gap:var(--global-kb-gap-sm, 1rem);}.kadence-column2180_627642-41 > .kt-inside-inner-col{flex-direction:column;}.kadence-column2180_627642-41 > .kt-inside-inner-col > .aligncenter{width:100%;}.kadence-column2180_627642-41 > .kt-inside-inner-col:before{opacity:0.3;}.kadence-column2180_627642-41{position:relative;}@media all and (max-width: 1024px){.kadence-column2180_627642-41 > .kt-inside-inner-col{flex-direction:column;justify-content:center;}}@media all and (max-width: 767px){.kadence-column2180_627642-41 > .kt-inside-inner-col{flex-direction:column;justify-content:center;}}<\/style>\n<div class=\"wp-block-kadence-column kadence-column2180_627642-41 inner-column-2\"><div class=\"kt-inside-inner-col\"><style>.wp-block-kadence-advancedheading.kt-adv-heading2180_22e8d3-4b, .wp-block-kadence-advancedheading.kt-adv-heading2180_22e8d3-4b[data-kb-block=\"kb-adv-heading2180_22e8d3-4b\"]{margin-bottom:40px;font-size:40px;line-height:1.3em;font-weight:normal;font-style:normal;}.wp-block-kadence-advancedheading.kt-adv-heading2180_22e8d3-4b mark.kt-highlight, .wp-block-kadence-advancedheading.kt-adv-heading2180_22e8d3-4b[data-kb-block=\"kb-adv-heading2180_22e8d3-4b\"] mark.kt-highlight{font-weight:normal;font-style:normal;color:#f76a0c;-webkit-box-decoration-break:clone;box-decoration-break:clone;padding-top:0px;padding-right:0px;padding-bottom:0px;padding-left:0px;}.wp-block-kadence-advancedheading.kt-adv-heading2180_22e8d3-4b img.kb-inline-image, .wp-block-kadence-advancedheading.kt-adv-heading2180_22e8d3-4b[data-kb-block=\"kb-adv-heading2180_22e8d3-4b\"] img.kb-inline-image{width:150px;vertical-align:baseline;}<\/style>\n<h1 class=\"kt-adv-heading2180_22e8d3-4b wp-block-kadence-advancedheading\" data-kb-block=\"kb-adv-heading2180_22e8d3-4b\">Coaching<\/h1>\n\n\n<style>.kadence-column2180_8bef3a-1e > .kt-inside-inner-col,.kadence-column2180_8bef3a-1e > .kt-inside-inner-col:before{border-top-left-radius:0px;border-top-right-radius:0px;border-bottom-right-radius:0px;border-bottom-left-radius:0px;}.kadence-column2180_8bef3a-1e > .kt-inside-inner-col{column-gap:var(--global-kb-gap-sm, 1rem);}.kadence-column2180_8bef3a-1e > .kt-inside-inner-col{flex-direction:column;}.kadence-column2180_8bef3a-1e > .kt-inside-inner-col > .aligncenter{width:100%;}.kadence-column2180_8bef3a-1e > .kt-inside-inner-col:before{opacity:0.3;}.kadence-column2180_8bef3a-1e{position:relative;}@media all and (max-width: 1024px){.kadence-column2180_8bef3a-1e > .kt-inside-inner-col{flex-direction:column;justify-content:center;}}@media all and (max-width: 767px){.kadence-column2180_8bef3a-1e > .kt-inside-inner-col{flex-direction:column;justify-content:center;}}<\/style>\n<div class=\"wp-block-kadence-column kadence-column2180_8bef3a-1e inner-column-1\"><div class=\"kt-inside-inner-col\"><style>.kb-row-layout-id2180_38c150-88 > .kt-row-column-wrap{align-content:start;}:where(.kb-row-layout-id2180_38c150-88 > .kt-row-column-wrap) > .wp-block-kadence-column{justify-content:start;}.kb-row-layout-id2180_38c150-88 > .kt-row-column-wrap{column-gap:var(--global-kb-gap-md, 2rem);row-gap:var(--global-kb-gap-md, 2rem);max-width:800px;margin-left:auto;margin-right:auto;padding-top:10px;padding-right:10px;padding-bottom:10px;padding-left:10px;grid-template-columns:minmax(0, 1fr);}.kb-row-layout-id2180_38c150-88 > .kt-row-layout-overlay{opacity:0.30;}@media all and (max-width: 1024px){.kb-row-layout-id2180_38c150-88 > .kt-row-column-wrap{grid-template-columns:minmax(0, 1fr);}}@media all and (max-width: 767px){.kb-row-layout-id2180_38c150-88 > .kt-row-column-wrap{grid-template-columns:minmax(0, 1fr);}}<\/style><div class=\"kb-row-layout-wrap kb-row-layout-id2180_38c150-88 alignnone wp-block-kadence-rowlayout\"><div class=\"kt-row-column-wrap kt-has-1-columns kt-row-layout-equal kt-tab-layout-inherit kt-mobile-layout-row kt-row-valign-top\">\n<style>.kadence-column2180_4f90b7-c5 > .kt-inside-inner-col,.kadence-column2180_4f90b7-c5 > .kt-inside-inner-col:before{border-top-left-radius:0px;border-top-right-radius:0px;border-bottom-right-radius:0px;border-bottom-left-radius:0px;}.kadence-column2180_4f90b7-c5 > .kt-inside-inner-col{column-gap:var(--global-kb-gap-sm, 1rem);}.kadence-column2180_4f90b7-c5 > .kt-inside-inner-col{flex-direction:column;}.kadence-column2180_4f90b7-c5 > .kt-inside-inner-col > .aligncenter{width:100%;}.kadence-column2180_4f90b7-c5 > .kt-inside-inner-col:before{opacity:0.3;}.kadence-column2180_4f90b7-c5{position:relative;}@media all and (max-width: 1024px){.kadence-column2180_4f90b7-c5 > .kt-inside-inner-col{flex-direction:column;justify-content:center;}}@media all and (max-width: 767px){.kadence-column2180_4f90b7-c5 > .kt-inside-inner-col{flex-direction:column;justify-content:center;}}<\/style>\n<div class=\"wp-block-kadence-column kadence-column2180_4f90b7-c5 inner-column-1\"><div class=\"kt-inside-inner-col\"><style>.kt-accordion-id2180_1c6798-6f .kt-accordion-inner-wrap{column-gap:var(--global-kb-gap-md, 2rem);row-gap:0px;}.kt-accordion-id2180_1c6798-6f .kt-accordion-panel-inner{border-top:0px solid var(--global-palette7, #EDF2F7);border-right:0px solid var(--global-palette7, #EDF2F7);border-bottom:1px solid var(--global-palette7, #EDF2F7);border-left:0px solid var(--global-palette7, #EDF2F7);background:var(--global-palette9, #ffffff);padding-top:0px;padding-right:20px;padding-bottom:30px;padding-left:0px;}.kt-accordion-id2180_1c6798-6f > .kt-accordion-inner-wrap > .wp-block-kadence-pane > .kt-accordion-header-wrap > .kt-blocks-accordion-header{border-top-color:var(--global-palette7, #EDF2F7);border-top-style:solid;border-right-color:var(--global-palette7, #EDF2F7);border-right-style:solid;border-bottom:1px solid var(--global-palette7, #EDF2F7);border-left-color:var(--global-palette7, #EDF2F7);border-left-style:solid;border-top-left-radius:0px;border-top-right-radius:0px;border-bottom-right-radius:0px;border-bottom-left-radius:0px;background:rgba(255,255,255,0.01);font-size:20px;line-height:20px;font-weight:bold;color:var(--global-palette3, #1A202C);padding-top:20px;padding-right:0px;padding-bottom:20px;padding-left:0px;}.kt-accordion-id2180_1c6798-6f:not( .kt-accodion-icon-style-basiccircle ):not( .kt-accodion-icon-style-xclosecircle ):not( .kt-accodion-icon-style-arrowcircle )  > .kt-accordion-inner-wrap > .wp-block-kadence-pane > .kt-accordion-header-wrap .kt-blocks-accordion-icon-trigger:after, .kt-accordion-id2180_1c6798-6f:not( .kt-accodion-icon-style-basiccircle ):not( .kt-accodion-icon-style-xclosecircle ):not( .kt-accodion-icon-style-arrowcircle )  > .kt-accordion-inner-wrap > .wp-block-kadence-pane > .kt-accordion-header-wrap .kt-blocks-accordion-icon-trigger:before{background:var(--global-palette3, #1A202C);}.kt-accordion-id2180_1c6798-6f:not( .kt-accodion-icon-style-basic ):not( .kt-accodion-icon-style-xclose ):not( .kt-accodion-icon-style-arrow ) .kt-blocks-accordion-icon-trigger{background:var(--global-palette3, #1A202C);}.kt-accordion-id2180_1c6798-6f:not( .kt-accodion-icon-style-basic ):not( .kt-accodion-icon-style-xclose ):not( .kt-accodion-icon-style-arrow ) .kt-blocks-accordion-icon-trigger:after, .kt-accordion-id2180_1c6798-6f:not( .kt-accodion-icon-style-basic ):not( .kt-accodion-icon-style-xclose ):not( .kt-accodion-icon-style-arrow ) .kt-blocks-accordion-icon-trigger:before{background:rgba(255,255,255,0.01);}.kt-accordion-id2180_1c6798-6f > .kt-accordion-inner-wrap > .wp-block-kadence-pane > .kt-accordion-header-wrap > .kt-blocks-accordion-header:hover, \n\t\t\t\tbody:not(.hide-focus-outline) .kt-accordion-id2180_1c6798-6f .kt-blocks-accordion-header:focus-visible{color:var(--global-palette3, #1A202C);border-bottom:1px solid;}.kt-accordion-id2180_1c6798-6f:not( .kt-accodion-icon-style-basiccircle ):not( .kt-accodion-icon-style-xclosecircle ):not( .kt-accodion-icon-style-arrowcircle ) .kt-accordion-header-wrap .kt-blocks-accordion-header:hover .kt-blocks-accordion-icon-trigger:after, .kt-accordion-id2180_1c6798-6f:not( .kt-accodion-icon-style-basiccircle ):not( .kt-accodion-icon-style-xclosecircle ):not( .kt-accodion-icon-style-arrowcircle ) .kt-accordion-header-wrap .kt-blocks-accordion-header:hover .kt-blocks-accordion-icon-trigger:before, body:not(.hide-focus-outline) .kt-accordion-id2180_1c6798-6f:not( .kt-accodion-icon-style-basiccircle ):not( .kt-accodion-icon-style-xclosecircle ):not( .kt-accodion-icon-style-arrowcircle ) .kt-blocks-accordion--visible .kt-blocks-accordion-icon-trigger:after, body:not(.hide-focus-outline) .kt-accordion-id2180_1c6798-6f:not( .kt-accodion-icon-style-basiccircle ):not( .kt-accodion-icon-style-xclosecircle ):not( .kt-accodion-icon-style-arrowcircle ) .kt-blocks-accordion-header:focus-visible .kt-blocks-accordion-icon-trigger:before{background:var(--global-palette3, #1A202C);}.kt-accordion-id2180_1c6798-6f:not( .kt-accodion-icon-style-basic ):not( .kt-accodion-icon-style-xclose ):not( .kt-accodion-icon-style-arrow ) .kt-accordion-header-wrap .kt-blocks-accordion-header:hover .kt-blocks-accordion-icon-trigger, body:not(.hide-focus-outline) .kt-accordion-id2180_1c6798-6f:not( .kt-accodion-icon-style-basic ):not( .kt-accodion-icon-style-xclose ):not( .kt-accodion-icon-style-arrow ) .kt-accordion-header-wrap .kt-blocks-accordion-header:focus-visible .kt-blocks-accordion-icon-trigger{background:var(--global-palette3, #1A202C);}.kt-accordion-id2180_1c6798-6f .kt-accordion-header-wrap .kt-blocks-accordion-header:focus-visible,\n\t\t\t\t.kt-accordion-id2180_1c6798-6f > .kt-accordion-inner-wrap > .wp-block-kadence-pane > .kt-accordion-header-wrap > .kt-blocks-accordion-header.kt-accordion-panel-active{color:var(--global-palette3, #1A202C);border-top-color:rgba(225,235,238,0.01);border-top-style:solid;border-right-color:rgba(225,235,238,0.01);border-right-style:solid;border-bottom:1px solid rgba(225,235,238,0.01);border-left-color:rgba(225,235,238,0.01);border-left-style:solid;}.kt-accordion-id2180_1c6798-6f:not( .kt-accodion-icon-style-basiccircle ):not( .kt-accodion-icon-style-xclosecircle ):not( .kt-accodion-icon-style-arrowcircle )  > .kt-accordion-inner-wrap > .wp-block-kadence-pane > .kt-accordion-header-wrap > .kt-blocks-accordion-header.kt-accordion-panel-active .kt-blocks-accordion-icon-trigger:after, .kt-accordion-id2180_1c6798-6f:not( .kt-accodion-icon-style-basiccircle ):not( .kt-accodion-icon-style-xclosecircle ):not( .kt-accodion-icon-style-arrowcircle )  > .kt-accordion-inner-wrap > .wp-block-kadence-pane > .kt-accordion-header-wrap > .kt-blocks-accordion-header.kt-accordion-panel-active .kt-blocks-accordion-icon-trigger:before{background:var(--global-palette3, #1A202C);}.kt-accordion-id2180_1c6798-6f:not( .kt-accodion-icon-style-basic ):not( .kt-accodion-icon-style-xclose ):not( .kt-accodion-icon-style-arrow ) .kt-blocks-accordion-header.kt-accordion-panel-active .kt-blocks-accordion-icon-trigger{background:var(--global-palette3, #1A202C);}@media all and (max-width: 1024px){.kt-accordion-id2180_1c6798-6f .kt-accordion-panel-inner{border-top:0px solid var(--global-palette7, #EDF2F7);border-right:0px solid var(--global-palette7, #EDF2F7);border-bottom:1px solid var(--global-palette7, #EDF2F7);border-left:0px solid var(--global-palette7, #EDF2F7);}}@media all and (max-width: 1024px){.kt-accordion-id2180_1c6798-6f > .kt-accordion-inner-wrap > .wp-block-kadence-pane > .kt-accordion-header-wrap > .kt-blocks-accordion-header{border-top-color:var(--global-palette7, #EDF2F7);border-top-style:solid;border-right-color:var(--global-palette7, #EDF2F7);border-right-style:solid;border-bottom:1px solid var(--global-palette7, #EDF2F7);border-left-color:var(--global-palette7, #EDF2F7);border-left-style:solid;}}@media all and (max-width: 1024px){.kt-accordion-id2180_1c6798-6f > .kt-accordion-inner-wrap > .wp-block-kadence-pane > .kt-accordion-header-wrap > .kt-blocks-accordion-header:hover, \n\t\t\t\tbody:not(.hide-focus-outline) .kt-accordion-id2180_1c6798-6f .kt-blocks-accordion-header:focus-visible{border-bottom:1px solid;}}@media all and (max-width: 1024px){.kt-accordion-id2180_1c6798-6f .kt-accordion-header-wrap .kt-blocks-accordion-header:focus-visible,\n\t\t\t\t.kt-accordion-id2180_1c6798-6f > .kt-accordion-inner-wrap > .wp-block-kadence-pane > .kt-accordion-header-wrap > .kt-blocks-accordion-header.kt-accordion-panel-active{border-top-color:rgba(225,235,238,0.01);border-top-style:solid;border-right-color:rgba(225,235,238,0.01);border-right-style:solid;border-bottom:1px solid rgba(225,235,238,0.01);border-left-color:rgba(225,235,238,0.01);border-left-style:solid;}}@media all and (max-width: 767px){.kt-accordion-id2180_1c6798-6f .kt-accordion-inner-wrap{display:block;}.kt-accordion-id2180_1c6798-6f .kt-accordion-inner-wrap .kt-accordion-pane:not(:first-child){margin-top:0px;}.kt-accordion-id2180_1c6798-6f .kt-accordion-panel-inner{border-top:0px solid var(--global-palette7, #EDF2F7);border-right:0px solid var(--global-palette7, #EDF2F7);border-bottom:1px solid var(--global-palette7, #EDF2F7);border-left:0px solid var(--global-palette7, #EDF2F7);}.kt-accordion-id2180_1c6798-6f > .kt-accordion-inner-wrap > .wp-block-kadence-pane > .kt-accordion-header-wrap > .kt-blocks-accordion-header{border-top-color:var(--global-palette7, #EDF2F7);border-top-style:solid;border-right-color:var(--global-palette7, #EDF2F7);border-right-style:solid;border-bottom:1px solid var(--global-palette7, #EDF2F7);border-left-color:var(--global-palette7, #EDF2F7);border-left-style:solid;}.kt-accordion-id2180_1c6798-6f > .kt-accordion-inner-wrap > .wp-block-kadence-pane > .kt-accordion-header-wrap > .kt-blocks-accordion-header:hover, \n\t\t\t\tbody:not(.hide-focus-outline) .kt-accordion-id2180_1c6798-6f .kt-blocks-accordion-header:focus-visible{border-bottom:1px solid;}.kt-accordion-id2180_1c6798-6f .kt-accordion-header-wrap .kt-blocks-accordion-header:focus-visible,\n\t\t\t\t.kt-accordion-id2180_1c6798-6f > .kt-accordion-inner-wrap > .wp-block-kadence-pane > .kt-accordion-header-wrap > .kt-blocks-accordion-header.kt-accordion-panel-active{border-top-color:rgba(225,235,238,0.01);border-top-style:solid;border-right-color:rgba(225,235,238,0.01);border-right-style:solid;border-bottom:1px solid rgba(225,235,238,0.01);border-left-color:rgba(225,235,238,0.01);border-left-style:solid;}}<\/style>\n<div class=\"wp-block-kadence-accordion alignnone\"><div class=\"kt-accordion-wrap kt-accordion-id2180_1c6798-6f kt-accordion-has-4-panes kt-active-pane-0 kt-accordion-block kt-pane-header-alignment-left kt-accodion-icon-style-arrow kt-accodion-icon-side-right\" style=\"max-width:none\"><div class=\"kt-accordion-inner-wrap\" data-allow-multiple-open=\"false\" data-start-open=\"none\">\n<div class=\"wp-block-kadence-pane kt-accordion-pane kt-accordion-pane-1 kt-pane2180_0e47e4-19\"><div class=\"kt-accordion-header-wrap\"><button class=\"kt-blocks-accordion-header kt-acccordion-button-label-show\"><span class=\"kt-blocks-accordion-title-wrap\"><span class=\"kt-blocks-accordion-title\">Business Coaching<\/span><\/span><span class=\"kt-blocks-accordion-icon-trigger\"><\/span><\/button><\/div><div class=\"kt-accordion-panel kt-accordion-panel-hidden\"><div class=\"kt-accordion-panel-inner\">\n<p style=\"padding-top:var(--wp--preset--spacing--30);padding-right:var(--wp--preset--spacing--30);padding-bottom:var(--wp--preset--spacing--30);padding-left:var(--wp--preset--spacing--30)\">Coaching im Spannungsfeld zwischen Beruf, Organisation und Individuum. Klassisches Einzel-Coaching zu \u00fcberwiegend beruflich gepr\u00e4gten Themen, im Unternehmen vor Ort oder auch au\u00dferhalb.<\/p>\n\n\n\n<p style=\"padding-top:var(--wp--preset--spacing--30);padding-right:var(--wp--preset--spacing--30);padding-bottom:var(--wp--preset--spacing--30);padding-left:var(--wp--preset--spacing--30)\">Coaching ist hier zu verstehen als eine Kombination aus individueller Unterst\u00fctzung zur Bew\u00e4ltigung verschiedener Anliegen und pers\u00f6nlicher Beratung. In einer solchen Beratung wird der Klient angeregt, eigene L\u00f6sungen zu entwickeln. Der Coach erm\u00f6glicht das Erkennen von Problemursachen und dient zur Identifikation und Ver\u00e4nderung der zum Problem f\u00fchrenden Prozesse. Der Klient lernt so im Idealfall, seine Probleme eigenst\u00e4ndig zu l\u00f6sen, sein Verhalten \/ seine Einstellungen zu reflektieren, weiterzuentwickeln und effektive Ergebnisse zu erreichen (vgl. Deutscher Bundesverband Coaching e.V.).<\/p>\n<\/div><\/div><\/div>\n\n\n\n<div class=\"wp-block-kadence-pane kt-accordion-pane kt-accordion-pane-2 kt-pane2180_d1cc89-a2\"><div class=\"kt-accordion-header-wrap\"><button class=\"kt-blocks-accordion-header kt-acccordion-button-label-show\"><span class=\"kt-blocks-accordion-title-wrap\"><span class=\"kt-blocks-accordion-title\">Coaching &amp; Training<\/span><\/span><span class=\"kt-blocks-accordion-icon-trigger\"><\/span><\/button><\/div><div class=\"kt-accordion-panel kt-accordion-panel-hidden\"><div class=\"kt-accordion-panel-inner\">\n<p style=\"padding-top:var(--wp--preset--spacing--30);padding-right:var(--wp--preset--spacing--30);padding-bottom:var(--wp--preset--spacing--30);padding-left:var(--wp--preset--spacing--30)\">In folgenden Themengebieten biete ich einen Mix aus Coaching und Training:<\/p>\n\n\n\n<ul class=\"wp-block-list\">\n<li>\u201eF\u00fchrungs-Coaching\u201c bei erstmaliger \u00dcbernahme von F\u00fchrungsverantwortung. Im Trainingsteil werden die Grundlagen der F\u00fchrung vermittelt, im Coaching die Anwendung begleitet.<\/li>\n\n\n\n<li>\u201eKarriere-Coaching\u201c zur Planung des individuellen Karrierewegs. Ausgehend von einer pers\u00f6nlichen Standortbestimmung wird im Training eine individuelle Strategie entwickelt und im Coaching die ersten Schritte begleitet.<\/li>\n<\/ul>\n\n\n\n<p style=\"padding-top:var(--wp--preset--spacing--30);padding-right:var(--wp--preset--spacing--30);padding-bottom:var(--wp--preset--spacing--30);padding-left:var(--wp--preset--spacing--30)\">In diesen Bereichen sind sowohl Einzel- als auch Gruppenveranstaltungen m\u00f6glich, im Unternehmen vor Ort oder auch au\u00dferhalb.<\/p>\n<\/div><\/div><\/div>\n<\/div><\/div><\/div>\n<\/div><\/div>\n\n<\/div><\/div><\/div><\/div>\n<\/div><\/div>\n\n<\/div><\/div>","protected":false},"excerpt":{"rendered":"<p>Coaching<\/p>","protected":false},"author":1,"featured_media":0,"parent":0,"menu_order":0,"comment_status":"closed","ping_status":"closed","template":"","meta":{"_kad_post_transparent":"","_kad_post_title":"hide","_kad_post_layout":"fullwidth","_kad_post_sidebar_id":"","_kad_post_content_style":"unboxed","_kad_post_vertical_padding":"hide","_kad_post_feature":"hide","_kad_post_feature_position":"","_kad_post_header":false,"_kad_post_footer":false,"_kad_post_classname":"","footnotes":""},"class_list":["post-2180","page","type-page","status-publish","hentry"],"_links":{"self":[{"href":"https:\/\/www.hoeltzel.net\/en\/wp-json\/wp\/v2\/pages\/2180","targetHints":{"allow":["GET"]}}],"collection":[{"href":"https:\/\/www.hoeltzel.net\/en\/wp-json\/wp\/v2\/pages"}],"about":[{"href":"https:\/\/www.hoeltzel.net\/en\/wp-json\/wp\/v2\/types\/page"}],"author":[{"embeddable":true,"href":"https:\/\/www.hoeltzel.net\/en\/wp-json\/wp\/v2\/users\/1"}],"replies":[{"embeddable":true,"href":"https:\/\/www.hoeltzel.net\/en\/wp-json\/wp\/v2\/comments?post=2180"}],"version-history":[{"count":8,"href":"https:\/\/www.hoeltzel.net\/en\/wp-json\/wp\/v2\/pages\/2180\/revisions"}],"predecessor-version":[{"id":2504,"href":"https:\/\/www.hoeltzel.net\/en\/wp-json\/wp\/v2\/pages\/2180\/revisions\/2504"}],"wp:attachment":[{"href":"https:\/\/www.hoeltzel.net\/en\/wp-json\/wp\/v2\/media?parent=2180"}],"curies":[{"name":"wp","href":"https:\/\/api.w.org\/{rel}","templated":true}]}}