{"id":2321,"date":"2023-07-05T18:14:50","date_gmt":"2023-07-05T16:14:50","guid":{"rendered":"https:\/\/www.hoeltzel.net\/2023\/?page_id=2321"},"modified":"2023-09-12T09:01:04","modified_gmt":"2023-09-12T07:01:04","slug":"start","status":"publish","type":"page","link":"https:\/\/www.hoeltzel.net\/en\/","title":{"rendered":"Start"},"content":{"rendered":"<div style=\"height:50px\" aria-hidden=\"true\" class=\"wp-block-spacer\"><\/div>\n\n\n\n<div class=\"wp-block-columns has-theme-palette-7-background-color has-background is-layout-flex wp-container-core-columns-is-layout-9d6595d7 wp-block-columns-is-layout-flex\">\n<div class=\"wp-block-column is-layout-flow wp-block-column-is-layout-flow\" style=\"flex-basis:66.66%\"><div class=\"wp-block-image is-style-default\">\n<figure class=\"alignleft size-full\"><img loading=\"lazy\" decoding=\"async\" width=\"1000\" height=\"665\" src=\"https:\/\/www.hoeltzel.net\/wp-content\/uploads\/2023\/08\/DSC_5759-1.jpg\" alt=\"\" class=\"wp-image-2521\" srcset=\"https:\/\/www.hoeltzel.net\/wp-content\/uploads\/2023\/08\/DSC_5759-1.jpg 1000w, https:\/\/www.hoeltzel.net\/wp-content\/uploads\/2023\/08\/DSC_5759-1-300x200.jpg 300w, https:\/\/www.hoeltzel.net\/wp-content\/uploads\/2023\/08\/DSC_5759-1-768x511.jpg 768w\" sizes=\"auto, (max-width: 1000px) 100vw, 1000px\" \/><\/figure>\n<\/div><\/div>\n\n\n\n<div class=\"wp-block-column is-vertically-aligned-center is-layout-flow wp-block-column-is-layout-flow\" style=\"flex-basis:33.33%\">\n<h1 class=\"wp-block-heading has-text-align-left starttitel has-theme-palette-4-color has-text-color\" style=\"font-style:normal;font-weight:500;text-transform:uppercase\">Actively Shaping<br>and Implementing<\/h1>\n\n\n\n<h1 class=\"wp-block-heading has-text-align-left starttitel has-theme-palette-2-color has-text-color\" style=\"font-style:normal;font-weight:500;text-transform:uppercase\">Change.<\/h1>\n\n\n\n<div style=\"height:50px\" aria-hidden=\"true\" class=\"wp-block-spacer\"><\/div>\n\n\n\n<h4 class=\"wp-block-heading has-text-align-left has-theme-palette-2-color has-text-color has-medium-font-size\" style=\"font-style:normal;font-weight:500\">Tobias H\u00f6ltzel<br>Passionate HR<\/h4>\n<\/div>\n<\/div>\n\n\n\n<div class=\"wp-block-columns alignwide is-layout-flex wp-container-core-columns-is-layout-9d6595d7 wp-block-columns-is-layout-flex\">\n<div class=\"wp-block-column is-layout-flow wp-block-column-is-layout-flow\" style=\"flex-basis:33.34%\"><style>.wp-block-kadence-column.kb-section-dir-horizontal > .kt-inside-inner-col > .kt-info-box2321_311246-9c .kt-blocks-info-box-link-wrap{max-width:unset;}.kt-info-box2321_311246-9c .kt-blocks-info-box-link-wrap{border-right:1px solid var(--global-palette7, #EDF2F7);border-top-left-radius:0px;border-top-right-radius:0px;border-bottom-right-radius:0px;border-bottom-left-radius:0px;background:rgba(242, 242, 242, 0);padding-top:50px;padding-right:50px;padding-bottom:50px;padding-left:50px;margin-top:0px;margin-right:0px;margin-bottom:0px;margin-left:0px;}.kt-info-box2321_311246-9c .kt-blocks-info-box-link-wrap:hover{background:rgba(242, 242, 242, 0.02);}.kt-info-box2321_311246-9c .kadence-info-box-icon-container .kt-info-svg-icon, .kt-info-box2321_311246-9c .kt-info-svg-icon-flip, .kt-info-box2321_311246-9c .kt-blocks-info-box-number{font-size:50px;}.kt-info-box2321_311246-9c .kt-blocks-info-box-media{color:var(--global-palette2, #2B6CB0);border-top-width:0px;border-right-width:0px;border-bottom-width:0px;border-left-width:0px;padding-top:10px;padding-right:10px;padding-bottom:10px;padding-left:10px;}.kt-info-box2321_311246-9c .kt-blocks-info-box-media-container{margin-top:0px;margin-right:15px;margin-bottom:0px;margin-left:15px;}.kt-info-box2321_311246-9c .kt-infobox-textcontent h2.kt-blocks-info-box-title{font-size:20px;line-height:26px;padding-top:5px;padding-right:5px;padding-bottom:5px;padding-left:5px;margin-top:5px;margin-right:0px;margin-bottom:10px;margin-left:0px;}.kt-info-box2321_311246-9c .kt-infobox-textcontent .kt-blocks-info-box-text{color:var(--global-palette5, #4A5568);}.wp-block-kadence-infobox.kt-info-box2321_311246-9c .kt-blocks-info-box-text{margin-top:0px;margin-right:0px;margin-bottom:20px;margin-left:0px;}.kt-info-box2321_311246-9c .kt-blocks-info-box-link-wrap:hover .kt-blocks-info-box-text{color:var(--global-palette5, #4A5568);}.kt-info-box2321_311246-9c .kt-blocks-info-box-learnmore{background:var(--global-palette8, #F7FAFC);border-color:#555555;border-radius:6px;font-size:15px;border-width:0px 0px 0px 0px;padding-top:14px;padding-right:30px;padding-bottom:14px;padding-left:30px;margin-top:0px;margin-right:0px;margin-bottom:0px;margin-left:0px;}.kt-info-box2321_311246-9c .kt-blocks-info-box-link-wrap:hover .kt-blocks-info-box-learnmore,.kt-info-box2321_311246-9c .kt-blocks-info-box-link-wrap .kt-blocks-info-box-learnmore:focus{color:#ffffff;background:var(--global-palette1, #3182CE);border-color:#444444;}@media all and (max-width: 1024px){.kt-info-box2321_311246-9c .kt-blocks-info-box-link-wrap{border-right:1px solid var(--global-palette7, #EDF2F7);}}@media all and (max-width: 767px){.kt-info-box2321_311246-9c .kt-blocks-info-box-link-wrap{border-right:1px solid var(--global-palette7, #EDF2F7);}}<\/style>\n<div class=\"wp-block-kadence-infobox kt-info-box2321_311246-9c\"><a class=\"kt-blocks-info-box-link-wrap info-box-link kt-blocks-info-box-media-align-top kt-info-halign-center\" href=\"https:\/\/www.hoeltzel.net\/en\/personalmanagement\/\"><div class=\"kt-blocks-info-box-media-container\"><div class=\"kt-blocks-info-box-media kt-info-media-animate-none\"><div class=\"kadence-info-box-icon-container kt-info-icon-animate-none\"><div class=\"kadence-info-box-icon-inner-container\"><span class=\"kb-svg-icon-wrap kb-svg-icon-fe_userCheck kt-info-svg-icon\"><svg viewbox=\"0 0 24 24\"  fill=\"none\" stroke=\"currentColor\" stroke-width=\"2\" stroke-linecap=\"round\" stroke-linejoin=\"round\" xmlns=\"http:\/\/www.w3.org\/2000\/svg\"  aria-hidden=\"true\"><path d=\"M16 21v-2a4 4 0 0 0-4-4H5a4 4 0 0 0-4 4v2\"\/><circle cx=\"8.5\" cy=\"7\" r=\"4\"\/><polyline points=\"17 11 19 13 23 9\"\/><\/svg><\/span><\/div><\/div><\/div><\/div><div class=\"kt-infobox-textcontent\"><h2 class=\"kt-blocks-info-box-title\">Human Resources Management<\/h2><p class=\"kt-blocks-info-box-text\">HR Interim Management <br\/>HR Project Management <br\/>HR Process Management<\/p><div class=\"kt-blocks-info-box-learnmore-wrap\"><span class=\"kt-blocks-info-box-learnmore\">Learn more<\/span><\/div><\/div><\/a><\/div>\n<\/div>\n\n\n\n<div class=\"wp-block-column is-layout-flow wp-block-column-is-layout-flow\" style=\"flex-basis:33.34%\"><style>.wp-block-kadence-column.kb-section-dir-horizontal > .kt-inside-inner-col > .kt-info-box2321_d35798-b7 .kt-blocks-info-box-link-wrap{max-width:unset;}.kt-info-box2321_d35798-b7 .kt-blocks-info-box-link-wrap{border-right:1px solid var(--global-palette7, #EDF2F7);border-top-left-radius:0px;border-top-right-radius:0px;border-bottom-right-radius:0px;border-bottom-left-radius:0px;background:rgba(242, 242, 242, 0);padding-top:50px;padding-right:50px;padding-bottom:50px;padding-left:50px;margin-top:0px;margin-right:0px;margin-bottom:0px;margin-left:0px;}.kt-info-box2321_d35798-b7 .kt-blocks-info-box-link-wrap:hover{background:rgba(242, 242, 242, 0.02);}.kt-info-box2321_d35798-b7 .kadence-info-box-icon-container .kt-info-svg-icon, .kt-info-box2321_d35798-b7 .kt-info-svg-icon-flip, .kt-info-box2321_d35798-b7 .kt-blocks-info-box-number{font-size:50px;}.kt-info-box2321_d35798-b7 .kt-blocks-info-box-media{color:var(--global-palette2, #2B6CB0);border-top-width:0px;border-right-width:0px;border-bottom-width:0px;border-left-width:0px;padding-top:10px;padding-right:10px;padding-bottom:10px;padding-left:10px;}.kt-info-box2321_d35798-b7 .kt-blocks-info-box-media-container{margin-top:0px;margin-right:15px;margin-bottom:0px;margin-left:15px;}.kt-info-box2321_d35798-b7 .kt-infobox-textcontent h2.kt-blocks-info-box-title{font-size:20px;line-height:26px;padding-top:5px;padding-right:5px;padding-bottom:5px;padding-left:5px;margin-top:5px;margin-right:0px;margin-bottom:10px;margin-left:0px;}.kt-info-box2321_d35798-b7 .kt-infobox-textcontent .kt-blocks-info-box-text{color:var(--global-palette5, #4A5568);}.wp-block-kadence-infobox.kt-info-box2321_d35798-b7 .kt-blocks-info-box-text{margin-top:0px;margin-right:0px;margin-bottom:20px;margin-left:0px;}.kt-info-box2321_d35798-b7 .kt-blocks-info-box-link-wrap:hover .kt-blocks-info-box-text{color:var(--global-palette5, #4A5568);}.kt-info-box2321_d35798-b7 .kt-blocks-info-box-learnmore{background:var(--global-palette8, #F7FAFC);border-color:#555555;border-radius:6px;font-size:15px;border-width:0px 0px 0px 0px;padding-top:14px;padding-right:30px;padding-bottom:14px;padding-left:30px;margin-top:0px;margin-right:0px;margin-bottom:0px;margin-left:0px;}.kt-info-box2321_d35798-b7 .kt-blocks-info-box-link-wrap:hover .kt-blocks-info-box-learnmore,.kt-info-box2321_d35798-b7 .kt-blocks-info-box-link-wrap .kt-blocks-info-box-learnmore:focus{color:#ffffff;background:var(--global-palette1, #3182CE);border-color:#444444;}@media all and (max-width: 1024px){.kt-info-box2321_d35798-b7 .kt-blocks-info-box-link-wrap{border-right:1px solid var(--global-palette7, #EDF2F7);}}@media all and (max-width: 767px){.kt-info-box2321_d35798-b7 .kt-blocks-info-box-link-wrap{border-right:1px solid var(--global-palette7, #EDF2F7);}}<\/style>\n<div class=\"wp-block-kadence-infobox kt-info-box2321_d35798-b7\"><a class=\"kt-blocks-info-box-link-wrap info-box-link kt-blocks-info-box-media-align-top kt-info-halign-center\" href=\"https:\/\/www.hoeltzel.net\/en\/organisationsentwicklung\/\"><div class=\"kt-blocks-info-box-media-container\"><div class=\"kt-blocks-info-box-media kt-info-media-animate-none\"><div class=\"kadence-info-box-icon-container kt-info-icon-animate-none\"><div class=\"kadence-info-box-icon-inner-container\"><span class=\"kb-svg-icon-wrap kb-svg-icon-fe_archive kt-info-svg-icon\"><svg viewbox=\"0 0 24 24\"  fill=\"none\" stroke=\"currentColor\" stroke-width=\"2\" stroke-linecap=\"round\" stroke-linejoin=\"round\" xmlns=\"http:\/\/www.w3.org\/2000\/svg\"  aria-hidden=\"true\"><polyline points=\"21 8 21 21 3 21 3 8\"\/><rect x=\"1\" y=\"3\" width=\"22\" height=\"5\"\/><line x1=\"10\" y1=\"12\" x2=\"14\" y2=\"12\"\/><\/svg><\/span><\/div><\/div><\/div><\/div><div class=\"kt-infobox-textcontent\"><h2 class=\"kt-blocks-info-box-title\">Organisational development<\/h2><p class=\"kt-blocks-info-box-text\">EFQM Business Excellence <br\/>Change Management <br\/>Mergers &amp; Acquisitions<\/p><div class=\"kt-blocks-info-box-learnmore-wrap\"><span class=\"kt-blocks-info-box-learnmore\">Learn more<\/span><\/div><\/div><\/a><\/div>\n<\/div>\n\n\n\n<div class=\"wp-block-column is-layout-flow wp-block-column-is-layout-flow\" style=\"flex-basis:33.33%\"><style>.wp-block-kadence-column.kb-section-dir-horizontal > .kt-inside-inner-col > .kt-info-box2321_904de0-f8 .kt-blocks-info-box-link-wrap{max-width:unset;}.kt-info-box2321_904de0-f8 .kt-blocks-info-box-link-wrap{border-right:1px solid var(--global-palette7, #EDF2F7);border-top-left-radius:0px;border-top-right-radius:0px;border-bottom-right-radius:0px;border-bottom-left-radius:0px;background:rgba(242, 242, 242, 0);padding-top:50px;padding-right:50px;padding-bottom:50px;padding-left:50px;margin-top:0px;margin-right:0px;margin-bottom:0px;margin-left:0px;}.kt-info-box2321_904de0-f8 .kt-blocks-info-box-link-wrap:hover{background:rgba(242, 242, 242, 0.02);}.kt-info-box2321_904de0-f8 .kadence-info-box-icon-container .kt-info-svg-icon, .kt-info-box2321_904de0-f8 .kt-info-svg-icon-flip, .kt-info-box2321_904de0-f8 .kt-blocks-info-box-number{font-size:50px;}.kt-info-box2321_904de0-f8 .kt-blocks-info-box-media{color:var(--global-palette2, #2B6CB0);border-top-width:0px;border-right-width:0px;border-bottom-width:0px;border-left-width:0px;padding-top:10px;padding-right:10px;padding-bottom:10px;padding-left:10px;}.kt-info-box2321_904de0-f8 .kt-blocks-info-box-media-container{margin-top:0px;margin-right:15px;margin-bottom:0px;margin-left:15px;}.kt-info-box2321_904de0-f8 .kt-infobox-textcontent h2.kt-blocks-info-box-title{font-size:20px;line-height:26px;padding-top:5px;padding-right:5px;padding-bottom:5px;padding-left:5px;margin-top:5px;margin-right:0px;margin-bottom:10px;margin-left:0px;}.kt-info-box2321_904de0-f8 .kt-infobox-textcontent .kt-blocks-info-box-text{color:var(--global-palette5, #4A5568);}.wp-block-kadence-infobox.kt-info-box2321_904de0-f8 .kt-blocks-info-box-text{margin-top:0px;margin-right:0px;margin-bottom:20px;margin-left:0px;}.kt-info-box2321_904de0-f8 .kt-blocks-info-box-link-wrap:hover .kt-blocks-info-box-text{color:var(--global-palette5, #4A5568);}.kt-info-box2321_904de0-f8 .kt-blocks-info-box-learnmore{background:var(--global-palette8, #F7FAFC);border-color:#555555;border-radius:6px;font-size:15px;border-width:0px 0px 0px 0px;padding-top:14px;padding-right:30px;padding-bottom:14px;padding-left:30px;margin-top:0px;margin-right:0px;margin-bottom:0px;margin-left:0px;}.kt-info-box2321_904de0-f8 .kt-blocks-info-box-link-wrap:hover .kt-blocks-info-box-learnmore,.kt-info-box2321_904de0-f8 .kt-blocks-info-box-link-wrap .kt-blocks-info-box-learnmore:focus{color:#ffffff;background:var(--global-palette1, #3182CE);border-color:#444444;}@media all and (max-width: 1024px){.kt-info-box2321_904de0-f8 .kt-blocks-info-box-link-wrap{border-right:1px solid var(--global-palette7, #EDF2F7);}}@media all and (max-width: 767px){.kt-info-box2321_904de0-f8 .kt-blocks-info-box-link-wrap{border-right:1px solid var(--global-palette7, #EDF2F7);}}<\/style>\n<div class=\"wp-block-kadence-infobox kt-info-box2321_904de0-f8\"><a class=\"kt-blocks-info-box-link-wrap info-box-link kt-blocks-info-box-media-align-top kt-info-halign-center\" href=\"https:\/\/www.hoeltzel.net\/en\/coaching\/\"><div class=\"kt-blocks-info-box-media-container\"><div class=\"kt-blocks-info-box-media kt-info-media-animate-none\"><div class=\"kadence-info-box-icon-container kt-info-icon-animate-none\"><div class=\"kadence-info-box-icon-inner-container\"><span class=\"kb-svg-icon-wrap kb-svg-icon-fe_edit kt-info-svg-icon\"><svg viewbox=\"0 0 24 24\"  fill=\"none\" stroke=\"currentColor\" stroke-width=\"2\" stroke-linecap=\"round\" stroke-linejoin=\"round\" xmlns=\"http:\/\/www.w3.org\/2000\/svg\"  aria-hidden=\"true\"><path d=\"M20 14.66V20a2 2 0 0 1-2 2H4a2 2 0 0 1-2-2V6a2 2 0 0 1 2-2h5.34\"\/><polygon points=\"18 2 22 6 12 16 8 16 8 12 18 2\"\/><\/svg><\/span><\/div><\/div><\/div><\/div><div class=\"kt-infobox-textcontent\"><h2 class=\"kt-blocks-info-box-title\">Coaching<\/h2><p class=\"kt-blocks-info-box-text\">Business Coaching <br\/>Coaching &amp; Training<\/p><div class=\"kt-blocks-info-box-learnmore-wrap\"><span class=\"kt-blocks-info-box-learnmore\">Learn more<\/span><\/div><\/div><\/a><\/div>\n<\/div>\n<\/div>\n\n\n\n<div style=\"height:30px\" aria-hidden=\"true\" class=\"wp-block-spacer\"><\/div>\n\n\n\n<div class=\"wp-block-columns alignwide is-layout-flex wp-container-core-columns-is-layout-9d6595d7 wp-block-columns-is-layout-flex\">\n<div class=\"wp-block-column is-layout-flow wp-block-column-is-layout-flow\">\n<figure class=\"wp-block-image size-full\"><img loading=\"lazy\" decoding=\"async\" width=\"1000\" height=\"665\" src=\"https:\/\/www.hoeltzel.net\/wp-content\/uploads\/2023\/07\/DSC_5891-neu.jpg\" alt=\"\" class=\"wp-image-2419\" srcset=\"https:\/\/www.hoeltzel.net\/wp-content\/uploads\/2023\/07\/DSC_5891-neu.jpg 1000w, https:\/\/www.hoeltzel.net\/wp-content\/uploads\/2023\/07\/DSC_5891-neu-300x200.jpg 300w, https:\/\/www.hoeltzel.net\/wp-content\/uploads\/2023\/07\/DSC_5891-neu-768x511.jpg 768w\" sizes=\"auto, (max-width: 1000px) 100vw, 1000px\" \/><\/figure>\n<\/div>\n\n\n\n<div class=\"wp-block-column has-theme-palette-8-background-color has-background is-layout-flow wp-block-column-is-layout-flow\" style=\"padding-top:var(--wp--preset--spacing--50);padding-right:var(--wp--preset--spacing--50);padding-bottom:var(--wp--preset--spacing--50);padding-left:var(--wp--preset--spacing--50)\">\n<h2 class=\"wp-block-heading\" style=\"font-style:normal;font-weight:500\">A warm welcome<\/h2>\n\n\n\n<p>Are you looking for support in a human resources management topic?<\/p>\n\n\n\n<p>Take a look around my offer, get an idea of me and my professional background. And then I look forward to hearing from you.<\/p>\n\n\n\n<p>Kind regards<br>Tobias H\u00f6ltzel<\/p>\n<\/div>\n<\/div>","protected":false},"excerpt":{"rendered":"<p>Ver\u00e4nderungaktiv gestalten. Und umsetzen. Tobias H\u00f6ltzelPersonaler aus Leidenschaft Herzlich Willkommen Sind Sie auf der Suche nach Unterst\u00fctzung in einem Thema aus dem Personalmanagement? Sehen Sie sich in meinem Angebot um, machen Sie sich ein Bild von mir und meinem fachlichen Hintergrund. Und dann freue ich mich auf Ihre Kontaktaufnahme. Herzliche Gr\u00fc\u00dfeTobias H\u00f6ltzel<\/p>","protected":false},"author":1,"featured_media":0,"parent":0,"menu_order":0,"comment_status":"closed","ping_status":"closed","template":"","meta":{"_kad_post_transparent":"","_kad_post_title":"hide","_kad_post_layout":"normal","_kad_post_sidebar_id":"","_kad_post_content_style":"unboxed","_kad_post_vertical_padding":"hide","_kad_post_feature":"","_kad_post_feature_position":"","_kad_post_header":false,"_kad_post_footer":false,"_kad_post_classname":"","footnotes":""},"class_list":["post-2321","page","type-page","status-publish","hentry"],"_links":{"self":[{"href":"https:\/\/www.hoeltzel.net\/en\/wp-json\/wp\/v2\/pages\/2321","targetHints":{"allow":["GET"]}}],"collection":[{"href":"https:\/\/www.hoeltzel.net\/en\/wp-json\/wp\/v2\/pages"}],"about":[{"href":"https:\/\/www.hoeltzel.net\/en\/wp-json\/wp\/v2\/types\/page"}],"author":[{"embeddable":true,"href":"https:\/\/www.hoeltzel.net\/en\/wp-json\/wp\/v2\/users\/1"}],"replies":[{"embeddable":true,"href":"https:\/\/www.hoeltzel.net\/en\/wp-json\/wp\/v2\/comments?post=2321"}],"version-history":[{"count":10,"href":"https:\/\/www.hoeltzel.net\/en\/wp-json\/wp\/v2\/pages\/2321\/revisions"}],"predecessor-version":[{"id":2564,"href":"https:\/\/www.hoeltzel.net\/en\/wp-json\/wp\/v2\/pages\/2321\/revisions\/2564"}],"wp:attachment":[{"href":"https:\/\/www.hoeltzel.net\/en\/wp-json\/wp\/v2\/media?parent=2321"}],"curies":[{"name":"wp","href":"https:\/\/api.w.org\/{rel}","templated":true}]}}